{"id":2,"date":"2020-09-14T22:56:42","date_gmt":"2020-09-14T22:56:42","guid":{"rendered":"http:\/\/www.prohietalahti.fi\/?page_id=2"},"modified":"2025-03-18T09:25:26","modified_gmt":"2025-03-18T09:25:26","slug":"sample-page","status":"publish","type":"page","link":"https:\/\/www.prohietalahti.fi\/?page_id=2","title":{"rendered":"Alueen kehitt\u00e4minen"},"content":{"rendered":"<p><iframe loading=\"lazy\" src=\"https:\/\/www.google.com\/maps\/embed?pb=!4v1605435635225!6m8!1m7!1sCAoSLEFGMVFpcFAwN0RzTHRyc1ZJeTFoU3hILXlaeDkwNTBQYzFuZ1FxWUdkWE0w!2m2!1d60.16004650000001!2d24.925585!3f136.85278982452135!4f6.92183994887489!5f0.4049610140810764\" width=\"600\" height=\"450\" frameborder=\"0\" style=\"border:0;\" allowfullscreen=\"\" aria-hidden=\"false\" tabindex=\"0\"><\/iframe><\/p>\n\n\n\n<p><em><sub>Kuvaa py\u00f6ritt\u00e4m\u00e4ll\u00e4 n\u00e4et koko Etel\u00e4-Helsingin. Kuva: Esko Toivonen<\/sub><\/em><sub>.<\/sub><\/p>\n\n\n\n<p>Haluamme yhteisty\u00f6ss\u00e4 kaupungin ja asukkaiden kanssa kehitt\u00e4\u00e4 kaupunginosamme kulttuurihistoriallisia arvoja ja merellist\u00e4 ymp\u00e4rist\u00f6\u00e4 paremmin tukevia vaihtoehtoja. Kaupungin suunnitelma ei mielest\u00e4mme vastaa alueemme tarpeisiin.<\/p>\n\n\n\n<p>Konkreettisesti allas-alueen l\u00e4nsip\u00e4\u00e4 ja maalaiturit kaipaisivat siistimist\u00e4. Alue tulee s\u00e4ilytt\u00e4\u00e4 urbaanina virkistysalueena.  <\/p>\n\n\n\n<h2 class=\"wp-block-heading\"><strong>Hietalahden suunnittelun tilanne<\/strong><\/h2>\n\n\n\n<p>Hietalahdenrannan alueelle on my\u00f6nnetty kehitt\u00e4misvaraus HGR Property Partners Oy:lle. Kehitt\u00e4misvaraus on voimassa vuoden 2024 loppuun asti. Alueen kaavoitusprosessi on aloitettu. <\/p>\n\n\n\n<p>Hietalahden altaasta noin 40 prosenttia t\u00e4ytett\u00e4isiin. Paikalla oleva huoltoasema\/ ravintola rakennus Aquitania purettaisiin. Tontille ja t\u00e4ytetyn altaan p\u00e4\u00e4lle rakennettaisiin 39,500 km<sup>2<\/sup>&nbsp;5-9 kerroksisia toimistotaloja. Rantaan tulisi kevyen liikenteen v\u00e4yl\u00e4, joka seuraisi nykyist\u00e4 rantalinjausta. Merenrantaan nykyiselt\u00e4 Ravintola Merimakasiinilta Telakkarantaan rakennettaisiin lis\u00e4ksi kevyenliikenteen v\u00e4yl\u00e4. Autoliikenne pysyisi entisell\u00e4 reitill\u00e4 kiert\u00e4en Hietalahdenaltaan.<\/p>\n\n\n\n<p>Hietalahdentorin alle tulevasta parkkihallista on luovuttu. Kehitt\u00e4misvarauksessa ei en\u00e4\u00e4 rajata asuntorakentamisen mahdollisuutta pois.<\/p>\n\n\n\n<p><a href=\"https:\/\/kartta.hel.fi\/?link=dJuXND\">Hietalahdenranta kaikki materiaalit<\/a>, <a href=\"https:\/\/www.hel.fi\/static\/ksv\/2023_kaava\/1545-01.pdf\">Osallistumis- ja arviointisuunnitelma<\/a>, <a href=\"https:\/\/www.hel.fi\/static\/ksv\/2023_kaava\/6324_2_kaavaluonnos.pdf\">Kaavaluonnos<\/a>, <a href=\"https:\/\/www.hel.fi\/static\/ksv\/2023_kaava\/6324_2_selostusluonnos.pdf\">Selostusluonnos<\/a>, <a href=\"https:\/\/www.hel.fi\/static\/ksv\/2023_kaava\/6324_2_vuorovaikutusraporttiluonnos_liitteineen.pdf\">Vuorovaikutusraporttiluonnos liitteineen<\/a><\/p>\n\n\n\n<p>Asemakaavaluonnos oli lausuttavana toukokuussa 2024.<\/p>\n\n\n\n<div data-wp-interactive=\"core\/file\" class=\"wp-block-file\"><object data-wp-bind--hidden=\"!state.hasPdfPreview\"  class=\"wp-block-file__embed\" data=\"https:\/\/www.prohietalahti.fi\/wp-content\/uploads\/2024\/06\/Kannanotto-Hietalahden-asemakaavaluonnoksen-valmistelusta-27.5.2024-2.pdf\" type=\"application\/pdf\" style=\"width:100%;height:600px\" aria-label=\"Tiedoston Pro Hietalahden lausunto upotus.\"><\/object><a href=\"https:\/\/www.prohietalahti.fi\/wp-content\/uploads\/2024\/06\/Kannanotto-Hietalahden-asemakaavaluonnoksen-valmistelusta-27.5.2024-2.pdf\">Pro Hietalahden lausunto<\/a><a href=\"https:\/\/www.prohietalahti.fi\/wp-content\/uploads\/2024\/06\/Kannanotto-Hietalahden-asemakaavaluonnoksen-valmistelusta-27.5.2024-2.pdf\" class=\"wp-block-file__button wp-element-button\" download>Lataa<\/a><\/div>\n\n\n\n<p><\/p>\n\n\n\n<p>HGR Property Partners Oy on esitt\u00e4nyt tavoitteekseen profiloida alue p\u00e4\u00e4konttorialueeksi. Kuitenkin megatrendin\u00e4 on toimistotilan kysynn\u00e4n v\u00e4heneminen mm. et\u00e4ty\u00f6n lis\u00e4\u00e4ntymisen takia. Kuvaavasti lukuisen suurten yritysten p\u00e4\u00e4konttorikiinteist\u00f6jen k\u00e4ytt\u00f6tarkoitus&nbsp; etel\u00e4isess\u00e4 kantakaupungissa on 2010-luvulla muuttunut etup\u00e4\u00e4ss\u00e4 hotelleiksi kuten entiset Teboilin, Kemikaaliviraston ja Ty\u00f6turvallisuuskeskuksen rakennukset Bulevardin varrella. Sama kehitys jatkuu, sill\u00e4 k\u00e4ynniss\u00e4 on useitakin suurten toimistorakennusten muuntamisia hotelleiksi Etel\u00e4-Helsingiss\u00e4, siksik\u00e4\u00e4n Hietalahden alueelle ei tarvita uutta toimistotilaa.<\/p>\n\n\n\n<p>Pro Hietalahti ry katsoo, ett\u00e4 kaavoitusprosessi tulee keskeytt\u00e4\u00e4 v\u00e4litt\u00f6m\u00e4sti, koska uudishanke on jyrk\u00e4ss\u00e4 ristiriidassa alueen asukkaiden, helsinkil\u00e4isten, elinymp\u00e4rist\u00f6n kanssa.<\/p>\n\n\n\n<p>Kaupungin oman ilmoituksen mukaan  kerro kantasi -kyselyihin on tullut poikeuksellisen paljon vastustavia kannanottoja, joissa p\u00e4\u00e4asiassa vastustettiin alueen rakentamista ja uusia liikennelinjauksia. Erityisen kriittisesti suhtauduttiin toimistorakentamiseen ja uuteen liikennelinjaukseen, joka heikent\u00e4isi alueen merellisyytt\u00e4 ja rannan saavutettavuutta.<\/p>\n\n\n\n<blockquote class=\"wp-block-quote has-text-align-center is-layout-flow wp-block-quote-is-layout-flow\">\n<p><em>Loukkaavinta on, kun Hietalahdenrannan hankkeiden esittelyss\u00e4 sanotaan, ett\u00e4 t\u00e4m\u00e4 kaikki tehd\u00e4\u00e4n asukkaiden viihtyvyyden parantamiseksi. Voiko mit\u00e4\u00e4n loukkaavampaa sanoa, kun ollaan tuhoamassa asukkaiden rakastama ymp\u00e4rist\u00f6.&nbsp;Aivan, kuin asukkaat eiv\u00e4t itse parhaiten tiet\u00e4isi, millainen on viihtyis\u00e4 asuinalue.<\/em><\/p>\n<cite><strong style=\"font-style: italic;\">Tertta Saarikko<\/strong><i> <\/i><br><strong style=\"font-style: italic;\">Hietalahdenrannan pitk\u00e4aikainen asukas <\/strong><em><strong>&#8211; urbaaniromantikko<\/strong><\/em><\/cite><\/blockquote>\n\n\n\n<blockquote class=\"wp-block-quote has-text-align-center is-layout-flow wp-block-quote-is-layout-flow\">\n<p><\/p>\n\n\n\n<p><em>T\u00e4ss\u00e4k\u00f6 t\u00e4m\u00e4 oli? Tuhotaanko yksi Helsingin parhaimmista ymp\u00e4rist\u00f6ist\u00e4? Vastustan turhan toimistorakennuksen tuloa viem\u00e4\u00e4n meilt\u00e4 avaran tilan. Helsinki ei tarvitse uusia toimistoja. <\/em><\/p>\n\n\n\n<p><em>Vastustan arkkitehtonisesti arvokkaan ravintolarakennuksen purkua.<em>Vastustan ajoliikenteen siirtoa satama-altaan merenpuolelle. T\u00e4m\u00e4 merkitsee sit\u00e4 etteiv\u00e4t mastolliset veneet p\u00e4\u00e4se satama-altaaseen. Ainoastaan veneet ilman kajuuttaa mahtuvat aukosta. Merivesi saattaa ajoittain nousta l\u00e4hes metrin. Pienveneiden m\u00e4\u00e4r\u00e4n lis\u00e4\u00e4minen t\u00e4ss\u00e4 tapauksessa aiheuttaa turvallisuusriskin n\u00e4iden seikkaillessa matkalla merelt\u00e4 omaan satamaan matkustajalaivojen keskell\u00e4. <\/em><\/em><\/p>\n\n\n\n<p><em>Olen aina ihaillut Pasi Karjulan ja Marko Vuokolan ymp\u00e4rist\u00f6taideteosta vuodelta 2000. Teos on kutsukilpailuvoitto ja k\u00e4sitt\u00e4\u00e4 kymmeni\u00e4 erikokoisia peilinkiilt\u00e4vi\u00e4 ter\u00e4spalloja, joita on sijoiteltu satama-altaan ymp\u00e4rist\u00f6\u00f6n, my\u00f6s sis\u00e4tiloihin ja asuinrakennusten sis\u00e4pihoille.<\/em><\/p>\n\n\n\n<p><em>Yhteenvetona ehdotan, ett\u00e4 t\u00e4m\u00e4 ymp\u00e4rist\u00f6, joka mit\u00e4 suuremmissa m\u00e4\u00e4rin edustaa Helsingiss\u00e4 t\u00e4rke\u00e4\u00e4 <strong>paikan henke\u00e4<\/strong> saisi jatkossa kaavassa s\u00e4ilytt\u00e4misen arvon.<\/em><\/p>\n<cite><em><strong>Arkkitehti<\/strong> <strong>Kaarina<\/strong> <strong>L\u00f6fstr\u00f6m<\/strong><\/em><\/cite><\/blockquote>\n\n\n\n<p><\/p>\n\n\n\n<h2 class=\"wp-block-heading\"><strong>Hietalahden suojeluesitys hyl\u00e4ttiin<\/strong><\/h2>\n\n\n\n<p><strong>Uudenmaan elinkeino-, liikenne- ja ymp\u00e4rist\u00f6keskus ei m\u00e4\u00e4r\u00e4nnyt Hietalahdenrantaa, sen rantaviivaa, laiturialueita, vanhaa satamaradan kannasta ja merialuetta suojeltavaksi.<\/strong><\/p>\n\n\n\n<p>Suojeluesityksen mukaan vireill\u00e4 oleva asemakaavan muutos vaarantaa suojeltavaksi esitetyn alueen arvot, eik\u00e4 aluetta tulla suojelemaan asemakaavalla. Bulevardin ranta ja sen venesatama tulee suojella lis\u00e4rakentamiselta ja ymp\u00e4rist\u00f6\u00e4 pilaavalta katurakentamiselta. Valtaosa viereisist\u00e4 ja vastap\u00e4isist\u00e4 kiinteist\u00f6ist\u00e4 puoltaa suojeluesityst\u00e4. Rakentamisen toivotaan olevan maltillista ja vireill\u00e4 olevan asemakaavan mahdollistamaa lis\u00e4\u00e4ntyv\u00e4\u00e4 liikennett\u00e4 pidet\u00e4\u00e4n ongelmallisena rannan k\u00e4yt\u00f6n ja ymp\u00e4rist\u00f6n kannalta.<\/p>\n\n\n\n<p>Helsingin kaupunki katsoo, ett\u00e4 suojelukysymys tulee ratkaista asemakaavalla. My\u00f6s Museovirasto pit\u00e4\u00e4 suojelukysymysten tutkimista ja alueen maltillista kehitt\u00e4mist\u00e4 asemakaavalla luontevana vaihto-ehtona.<\/p>\n\n\n\n<p>Rakennusperint\u00f6lain 3 \u00a7:n mukaan rakennusperinn\u00f6n s\u00e4ilytt\u00e4miseksi voidaan suojella rakennuksia, rakennelmia, rakennusryhmi\u00e4 tai rakennettuja alueita, joilla on merkityst\u00e4 rakennushistorian, rakennustaiteen, rakennustekniikan, erityisten ymp\u00e4rist\u00f6arvojen tai rakennuksen k\u00e4yt\u00f6n tai siihen liittyvien tapahtumien kannalta.<\/p>\n\n\n\n<p>Rakennusperint\u00f6lain 2.2 \u00a7:n mukaan rakennusperinn\u00f6n suojelemisesta asemakaava-alueella sek\u00e4 alueella, jolla on voimassa rakennuskielto asemakaavan laatimista varten, s\u00e4\u00e4det\u00e4\u00e4n alueidenk\u00e4ytt\u00f6laissa.<\/p>\n\n\n\n<p><strong>Perustelut<\/strong><\/p>\n\n\n\n<p>Rakennusperint\u00f6lain 2.3 \u00a7:n mukaan sit\u00e4 sovelletaan kuitenkin 2 momentin est\u00e4m\u00e4tt\u00e4 my\u00f6s 2 momentissa tarkoitetulla alueella, jos:<\/p>\n\n\n\n<p>1) kohteella on valtakunnallista merkityst\u00e4;<\/p>\n\n\n\n<p>2) kohteen s\u00e4ilymist\u00e4 ja suojelua ei voida turvata alueidenk\u00e4ytt\u00f6lailla ja sen nojalla annetuilla UUDELY\/5445\/2024 9\/12 s\u00e4\u00e4nn\u00f6ksill\u00e4 tai m\u00e4\u00e4r\u00e4yksill\u00e4 tai<\/p>\n\n\n\n<p>3) kohteen suojeluun t\u00e4m\u00e4n lain mukaisesti on erityisi\u00e4 syit\u00e4 asemakaavoitustilanteen vuoksi.<\/p>\n\n\n\n<p>Suojeltavaksi esitetty alue ei sis\u00e4lly valtakunnallisesti merkitt\u00e4v\u00e4n Esplanadi-Bulevardin rakennetun kulttuuriymp\u00e4rist\u00f6n (RKY) rajaukseen ja Museovirasto on m\u00e4\u00e4ritellyt alueen maakunnallisesti merkitt\u00e4v\u00e4ksi. Mainitusta johtuen alue ei ole rakennusperint\u00f6lain 2.3 \u00a7:n 1. kohdan tarkoittamalla tavalla valtakunnallisesti merkitt\u00e4v\u00e4. Sill\u00e4 ei ole my\u00f6sk\u00e4\u00e4n rakennusperint\u00f6lain 8 \u00a7:n tarkoittamaa valtakunnallista merkitt\u00e4vyytt\u00e4.<\/p>\n\n\n\n<p>Rakennusperint\u00f6lain 2.3 \u00a7:n, 2. kohdan mukainen suojelu asemakaava-alueella tulee kyseeseen l\u00e4hinn\u00e4 sis\u00e4tilojen suojelun osalta. Suojelu-esityksess\u00e4 ei ole esitetty yksitt\u00e4isi\u00e4 rakennuksia tai niiden sis\u00e4tiloja suojeltavaksi, mink\u00e4 vuoksi mainitun kohdan edellytykset eiv\u00e4t t\u00e4yty.<\/p>\n\n\n\n<p>Alueella on vireill\u00e4 kehitt\u00e4misvaraukseen perustuva asemakaavan muutos (Dnro HEL 2021-004215). Uudenmaan ELY-keskus toteaa, ett\u00e4 asemakaavan tulee perustua alueidenk\u00e4ytt\u00f6 lain 9\u00a7:n mukaan kaavan merkitt\u00e4v\u00e4t vaikutukset arvioivaan suunnitteluun sek\u00e4 sen edellytt\u00e4miin tutkimuksiin ja selvityksiin. Mik\u00e4li selvityksiss\u00e4 ilmenee, ett\u00e4 rakennuksilla ja ymp\u00e4rist\u00f6ll\u00e4 on alueidenk\u00e4ytt\u00f6lain 54\u00a7:n tarkoittamia arvoja, tulee niit\u00e4 vaalia eik\u00e4 niihin liittyvi\u00e4 erityisi\u00e4 arvoja saa h\u00e4vitt\u00e4\u00e4.<\/p>\n\n\n\n<p>Edell\u00e4 kerrottuun viitaten ELY-keskus katsoo, ett\u00e4 rakennusperint\u00f6lain 2.3\u00a7:n, 3. kohdan mukaisia erityisi\u00e4 syit\u00e4 asemakaavoitustilanteen vuoksi ei ole, koska alue tullaan asemakaavoittamaan. Hietalahden-rannan ja sen ymp\u00e4rist\u00f6n kokonaisvaltainen suojelu on mahdollista tutkia ja arvot turvata alueidenk\u00e4ytt\u00f6lain s\u00e4\u00e4nn\u00f6ksin ja asema-kaavoituksella. Rakennusperint\u00f6lain hallituksen esityksen (HE\/101\/2009 vp) yleisperusteluiden mukaan kaavasuojelu soveltuu muutoinkin rakennuksiin liittyv\u00e4n ymp\u00e4rist\u00f6n, kuten aukioiden ja torien suojelemiseen. ELY-keskus katsoo, ett\u00e4 my\u00f6s katutilat ovat luettavissa mainittuun m\u00e4\u00e4ritelm\u00e4\u00e4n. Museoviraston suojeluesityksest\u00e4 antama lausunto on muun ohella hy\u00f6dynnett\u00e4viss\u00e4 asemakaavoituksessa Hietalahdenrannan ja sen l\u00e4hiymp\u00e4rist\u00f6n suojelutavoitteita m\u00e4\u00e4ritett\u00e4ess\u00e4.<\/p>\n\n\n\n<p>Edell\u00e4 kerrotusta johtuen suojeluesitys ei t\u00e4yt\u00e4 rakennusperint\u00f6lain mukaisia suojelun edellytyksi\u00e4 asemakaava-alueella. Lopuksi ELY-keskus toteaa selvyyden vuoksi, ett\u00e4 osassa lausunnoissa esitetyt alueen kehitt\u00e4mistoimenpiteet, alueen ulkopuolisen Esplanadi-Bulevardi RKY-alueen huomioiminen, liikenteen j\u00e4rjest\u00e4minen sek\u00e4 muun muassa rakennusoikeuden maltillistaminen ovat suunnittelukysymyksi\u00e4, jotka on tarkoitus ratkaista alueidenk\u00e4ytt\u00f6lain mukaisesti asemakaavoituksen keinoin. Rakennusperint\u00f6lakia ei ole tarkoitettu alueidenk\u00e4ytt\u00f6-kysymysten ratkaisemiseksi. Asemakaavaprosessissa on muun kaava-aineiston ohella my\u00f6s mahdollista hy\u00f6dynt\u00e4\u00e4 edell\u00e4 mainittua RKY-alueiden huomioimista kaavoituksessa koskevaa Kuntaliiton, Museoviraston ja ymp\u00e4rist\u00f6ministeri\u00f6n laatimaa muistiota.<\/p>\n\n\n\n<h2 class=\"wp-block-heading\"><strong>Allekirjoita vetoomus Hietalahden puolesta<\/strong><\/h2>\n\n\n\n<p>Allekirjoita Hietalahden s\u00e4ilytt\u00e4mist\u00e4 puolustava adressi.&nbsp;<a rel=\"noreferrer noopener\" href=\"https:\/\/www.adressit.com\/pelastetaan_historiallinen_hietalahti\" target=\"_blank\">https:\/\/www.adressit.com\/pelastetaan_historiallinen_hietalahti<\/a><\/p>\n\n\n\n<p>Allekirjoittajia on jo reilu 1000! Lis\u00e4\u00e4 kuitenkin tarvitaan, joten jaathan vetoomusta my\u00f6s omissa sosiaalisen median kanavissasi.<\/p>\n\n\n\n<h2 class=\"wp-block-heading\"><strong>Kerro ideasi<\/strong><\/h2>\n\n\n\n<p>Pro Hietalahti kokoaa asukkaiden ja asiantuntijoiden ajatuksia ja ideoita alueen kehitt\u00e4misest\u00e4 kaupungille esitett\u00e4v\u00e4ksi<\/p>\n\n\n\n<p>Kerro ideasi <a href=\"https:\/\/www.facebook.com\/prohietalahti\" data-type=\"URL\" data-id=\"https:\/\/www.facebook.com\/prohietalahti\" target=\"_blank\" rel=\"noreferrer noopener\">Facebook-ryhm\u00e4ss\u00e4mme<\/a>.<\/p>\n\n\n\n<p><a href=\"https:\/\/www.prohietalahti.fi\/?page_id=20\" data-type=\"page\" data-id=\"20\">Pro Hietalahti ry:n kannanotot.<\/a><\/p>\n","protected":false},"excerpt":{"rendered":"<p>Kuvaa py\u00f6ritt\u00e4m\u00e4ll\u00e4 n\u00e4et koko Etel\u00e4-Helsingin. Kuva: Esko Toivonen. Haluamme yhteisty\u00f6ss\u00e4 kaupungin ja asukkaiden kanssa kehitt\u00e4\u00e4 kaupunginosamme kulttuurihistoriallisia arvoja ja merellist\u00e4 ymp\u00e4rist\u00f6\u00e4 paremmin tukevia vaihtoehtoja. Kaupungin suunnitelma ei mielest\u00e4mme vastaa alueemme tarpeisiin. Konkreettisesti allas-alueen l\u00e4nsip\u00e4\u00e4 ja maalaiturit kaipaisivat siistimist\u00e4. Alue tulee s\u00e4ilytt\u00e4\u00e4 urbaanina virkistysalueena. Hietalahden suunnittelun tilanne Hietalahdenrannan alueelle on my\u00f6nnetty kehitt\u00e4misvaraus HGR Property Partners Oy:lle. &hellip; <\/p>\n<p class=\"link-more\"><a href=\"https:\/\/www.prohietalahti.fi\/?page_id=2\" class=\"more-link\">Jatka lukemista<span class=\"screen-reader-text\"> &#8221;Alueen kehitt\u00e4minen&#8221;<\/span><\/a><\/p>\n","protected":false},"author":1,"featured_media":350,"parent":0,"menu_order":0,"comment_status":"closed","ping_status":"open","template":"","meta":{"footnotes":""},"_links":{"self":[{"href":"https:\/\/www.prohietalahti.fi\/index.php?rest_route=\/wp\/v2\/pages\/2"}],"collection":[{"href":"https:\/\/www.prohietalahti.fi\/index.php?rest_route=\/wp\/v2\/pages"}],"about":[{"href":"https:\/\/www.prohietalahti.fi\/index.php?rest_route=\/wp\/v2\/types\/page"}],"author":[{"embeddable":true,"href":"https:\/\/www.prohietalahti.fi\/index.php?rest_route=\/wp\/v2\/users\/1"}],"replies":[{"embeddable":true,"href":"https:\/\/www.prohietalahti.fi\/index.php?rest_route=%2Fwp%2Fv2%2Fcomments&post=2"}],"version-history":[{"count":83,"href":"https:\/\/www.prohietalahti.fi\/index.php?rest_route=\/wp\/v2\/pages\/2\/revisions"}],"predecessor-version":[{"id":3165,"href":"https:\/\/www.prohietalahti.fi\/index.php?rest_route=\/wp\/v2\/pages\/2\/revisions\/3165"}],"wp:featuredmedia":[{"embeddable":true,"href":"https:\/\/www.prohietalahti.fi\/index.php?rest_route=\/wp\/v2\/media\/350"}],"wp:attachment":[{"href":"https:\/\/www.prohietalahti.fi\/index.php?rest_route=%2Fwp%2Fv2%2Fmedia&parent=2"}],"curies":[{"name":"wp","href":"https:\/\/api.w.org\/{rel}","templated":true}]}}