{"id":17,"date":"2020-10-23T04:52:44","date_gmt":"2020-10-23T04:52:44","guid":{"rendered":"http:\/\/www.prohietalahti.fi\/?page_id=17"},"modified":"2024-06-17T13:22:50","modified_gmt":"2024-06-17T13:22:50","slug":"etusivu","status":"publish","type":"page","link":"https:\/\/www.prohietalahti.fi\/","title":{"rendered":"Etusivu"},"content":{"rendered":"\n<p><strong>Pro Hietalahti <\/strong>perustettiin meid\u00e4n asukkaiden halusta suojella kaunista, merellist\u00e4 ja kulttuurihistoriallisesti arvokasta kaupunginosaamme. Telakka-alueemme on merkitt\u00e4v\u00e4 osa helsinkil\u00e4ist\u00e4 ja suomalaista teollisuushistoriaa. Haluamme edist\u00e4\u00e4 ja kehitt\u00e4\u00e4 viihtyis\u00e4\u00e4 kaupunkiymp\u00e4rist\u00f6\u00e4 asukkaille ja alueella vieraileville. Vaalimme alueemme omaleimaisuutta paikalliskulttuurin, ymp\u00e4rist\u00f6nsuojelun, kaupunkisuunnittelun sek\u00e4 maisemanhoidon n\u00e4k\u00f6kulmista.<\/p>\n\n\n\n<p><a href=\"https:\/\/www.prohietalahti.fi\/?page_id=85\" data-type=\"page\" data-id=\"85\">Tutustu Hietalahden helmiin<\/a>.<\/p>\n","protected":false},"excerpt":{"rendered":"<p>Pro Hietalahti perustettiin meid\u00e4n asukkaiden halusta suojella kaunista, merellist\u00e4 ja kulttuurihistoriallisesti arvokasta kaupunginosaamme. Telakka-alueemme on merkitt\u00e4v\u00e4 osa helsinkil\u00e4ist\u00e4 ja suomalaista teollisuushistoriaa. Haluamme edist\u00e4\u00e4 ja kehitt\u00e4\u00e4 viihtyis\u00e4\u00e4 kaupunkiymp\u00e4rist\u00f6\u00e4 asukkaille ja alueella vieraileville. Vaalimme alueemme omaleimaisuutta paikalliskulttuurin, ymp\u00e4rist\u00f6nsuojelun, kaupunkisuunnittelun sek\u00e4 maisemanhoidon n\u00e4k\u00f6kulmista. Tutustu Hietalahden helmiin.<\/p>\n","protected":false},"author":1,"featured_media":0,"parent":0,"menu_order":0,"comment_status":"closed","ping_status":"closed","template":"","meta":{"footnotes":""},"_links":{"self":[{"href":"https:\/\/www.prohietalahti.fi\/index.php?rest_route=\/wp\/v2\/pages\/17"}],"collection":[{"href":"https:\/\/www.prohietalahti.fi\/index.php?rest_route=\/wp\/v2\/pages"}],"about":[{"href":"https:\/\/www.prohietalahti.fi\/index.php?rest_route=\/wp\/v2\/types\/page"}],"author":[{"embeddable":true,"href":"https:\/\/www.prohietalahti.fi\/index.php?rest_route=\/wp\/v2\/users\/1"}],"replies":[{"embeddable":true,"href":"https:\/\/www.prohietalahti.fi\/index.php?rest_route=%2Fwp%2Fv2%2Fcomments&post=17"}],"version-history":[{"count":23,"href":"https:\/\/www.prohietalahti.fi\/index.php?rest_route=\/wp\/v2\/pages\/17\/revisions"}],"predecessor-version":[{"id":1640,"href":"https:\/\/www.prohietalahti.fi\/index.php?rest_route=\/wp\/v2\/pages\/17\/revisions\/1640"}],"wp:attachment":[{"href":"https:\/\/www.prohietalahti.fi\/index.php?rest_route=%2Fwp%2Fv2%2Fmedia&parent=17"}],"curies":[{"name":"wp","href":"https:\/\/api.w.org\/{rel}","templated":true}]}}