{"id":256,"date":"2020-11-12T16:11:39","date_gmt":"2020-11-12T16:11:39","guid":{"rendered":"http:\/\/www.prohietalahti.fi\/?page_id=256"},"modified":"2024-06-17T12:12:22","modified_gmt":"2024-06-17T12:12:22","slug":"yhdistys","status":"publish","type":"page","link":"http:\/\/www.prohietalahti.fi\/?page_id=256","title":{"rendered":"Yhdistys"},"content":{"rendered":"\n<p>Pro Hietalahden tarkoituksena on edist\u00e4\u00e4 ja kehitt\u00e4\u00e4 kaupunginosan asukkaiden yhteisty\u00f6t\u00e4, vaalia kaupunginosan kulttuuriperint\u00f6\u00e4 ja -maisemaa sek\u00e4 edist\u00e4\u00e4 alueen asukkaiden viihtyvyytt\u00e4, omatoimisuutta ja yhteenkuuluvuutta. Yhdistys vaalii ja suojelee alueellista omaleimaisuutta ja paikallisia olosuhteita sek\u00e4 toimii kokonaisvaltaisesti paikalliskulttuurin, ymp\u00e4rist\u00f6nsuojelun, kaupunkisuunnittelun ja maisemanhoidon aloilla.<\/p>\n\n\n\n<p>Yhdistys sai alkunsa kes\u00e4ll\u00e4 2020, kun kaupunki my\u00f6nsi yksityiselle kiinteist\u00f6sijoittajayhti\u00f6lle kehitt\u00e4misvarauksen Hietalahden alueelle. Asukkaiden n\u00e4kemyksen mukaan kehitt\u00e4misvaraus ei kunnioita alueen historiaa, kaunista kaupunkikuvaa, kulttuuria eik\u00e4 olemassa olevaa asemakaavaa. <\/p>\n\n\n\n<p>Yhdistyksen alulle panijana toimi Hietalahdenrannan asukas Hannu \u00d6hrling. H\u00e4n kuuli kaupungin hurjalta kuulostavista suunnitelmista ja ker\u00e4si joukon ihmisi\u00e4 vaikuttamaan.<\/p>\n\n\n\n<h2 class=\"wp-block-heading\">Hallitus<\/h2>\n\n\n\n<p>Taru Reinikainen, puheenjohtaja, taru (a) prohietalahti.fi, +358 44 239 2970.<\/p>\n\n\n\n<p>Tertta Saarikko, varapuheenjohtaja<\/p>\n\n\n\n<p>Jaakko Elokorpi, taloudenhoitaja<\/p>\n\n\n\n<p>Erkki Jokinen, hallituksen j\u00e4sen<\/p>\n\n\n\n<p>Matti Laipio, hallituksen j\u00e4sen<\/p>\n\n\n\n<p>Jukka M\u00e4kinen, hallituksen j\u00e4sen<\/p>\n\n\n\n<p>Hannu \u00d6hrling, hallituksen varaj\u00e4sen<\/p>\n\n\n\n<h2 class=\"wp-block-heading\">Tervetuloa j\u00e4seneksi<\/h2>\n\n\n\n<p>Vuonna 2024 yhdistyksen varsinaisten j\u00e4senten j\u00e4senmaksu on 20 euroa ja kannattajaj\u00e4senmaksu 50 euroa.<\/p>\n\n\n\n<p><a rel=\"noreferrer noopener\" href=\"http:\/\/www.prohietalahti.fi\/?page_id=101\" data-type=\"URL\" data-id=\"http:\/\/www.prohietalahti.fi\/?page_id=101\" target=\"_blank\">Liity j\u00e4seneksi<\/a>.<\/p>\n","protected":false},"excerpt":{"rendered":"<p>Pro Hietalahden tarkoituksena on edist\u00e4\u00e4 ja kehitt\u00e4\u00e4 kaupunginosan asukkaiden yhteisty\u00f6t\u00e4, vaalia kaupunginosan kulttuuriperint\u00f6\u00e4 ja -maisemaa sek\u00e4 edist\u00e4\u00e4 alueen asukkaiden viihtyvyytt\u00e4, omatoimisuutta ja yhteenkuuluvuutta. Yhdistys vaalii ja suojelee alueellista omaleimaisuutta ja paikallisia olosuhteita sek\u00e4 toimii kokonaisvaltaisesti paikalliskulttuurin, ymp\u00e4rist\u00f6nsuojelun, kaupunkisuunnittelun ja maisemanhoidon aloilla. Yhdistys sai alkunsa kes\u00e4ll\u00e4 2020, kun kaupunki my\u00f6nsi yksityiselle kiinteist\u00f6sijoittajayhti\u00f6lle kehitt\u00e4misvarauksen Hietalahden alueelle. Asukkaiden &hellip; <\/p>\n<p class=\"link-more\"><a href=\"http:\/\/www.prohietalahti.fi\/?page_id=256\" class=\"more-link\">Jatka lukemista<span class=\"screen-reader-text\"> &#8221;Yhdistys&#8221;<\/span><\/a><\/p>\n","protected":false},"author":1,"featured_media":48,"parent":0,"menu_order":0,"comment_status":"closed","ping_status":"closed","template":"","meta":{"footnotes":""},"_links":{"self":[{"href":"http:\/\/www.prohietalahti.fi\/index.php?rest_route=\/wp\/v2\/pages\/256"}],"collection":[{"href":"http:\/\/www.prohietalahti.fi\/index.php?rest_route=\/wp\/v2\/pages"}],"about":[{"href":"http:\/\/www.prohietalahti.fi\/index.php?rest_route=\/wp\/v2\/types\/page"}],"author":[{"embeddable":true,"href":"http:\/\/www.prohietalahti.fi\/index.php?rest_route=\/wp\/v2\/users\/1"}],"replies":[{"embeddable":true,"href":"http:\/\/www.prohietalahti.fi\/index.php?rest_route=%2Fwp%2Fv2%2Fcomments&post=256"}],"version-history":[{"count":22,"href":"http:\/\/www.prohietalahti.fi\/index.php?rest_route=\/wp\/v2\/pages\/256\/revisions"}],"predecessor-version":[{"id":1619,"href":"http:\/\/www.prohietalahti.fi\/index.php?rest_route=\/wp\/v2\/pages\/256\/revisions\/1619"}],"wp:featuredmedia":[{"embeddable":true,"href":"http:\/\/www.prohietalahti.fi\/index.php?rest_route=\/wp\/v2\/media\/48"}],"wp:attachment":[{"href":"http:\/\/www.prohietalahti.fi\/index.php?rest_route=%2Fwp%2Fv2%2Fmedia&parent=256"}],"curies":[{"name":"wp","href":"https:\/\/api.w.org\/{rel}","templated":true}]}}